{"id":6363,"date":"2019-05-24T12:59:23","date_gmt":"2019-05-24T10:59:23","guid":{"rendered":"http:\/\/shalom.org.pl\/?page_id=6363"},"modified":"2020-02-23T16:15:53","modified_gmt":"2020-02-23T15:15:53","slug":"golda-tencer-2","status":"publish","type":"page","link":"https:\/\/shalom.org.pl\/en\/o-fundacji-2\/golda-tencer-2\/","title":{"rendered":"Go\u0142da Tencer"},"content":{"rendered":"\t\t<div data-elementor-type=\"wp-post\" data-elementor-id=\"6363\" class=\"elementor elementor-6363\">\n\t\t\t\t\t\t<section class=\"has_eae_slider elementor-section elementor-top-section elementor-element elementor-element-a0b27a5 elementor-section-boxed elementor-section-height-default elementor-section-height-default\" data-eae-slider=\"63720\" data-id=\"a0b27a5\" data-element_type=\"section\" data-e-type=\"section\">\n\t\t\t\t\t\t<div class=\"elementor-container elementor-column-gap-default\">\n\t\t\t\t\t<div class=\"has_eae_slider elementor-column elementor-col-100 elementor-top-column elementor-element elementor-element-c900620\" data-eae-slider=\"67361\" data-id=\"c900620\" data-element_type=\"column\" data-e-type=\"column\">\n\t\t\t<div class=\"elementor-widget-wrap elementor-element-populated\">\n\t\t\t\t\t\t<div class=\"elementor-element elementor-element-a43727a elementor-widget elementor-widget-text-editor\" data-id=\"a43727a\" data-element_type=\"widget\" data-e-type=\"widget\" data-widget_type=\"text-editor.default\">\n\t\t\t\t<div class=\"elementor-widget-container\">\n\t\t\t\t\t\t\t\t\t<p class=\"pagetitle\"><img fetchpriority=\"high\" decoding=\"async\" class=\"size-full wp-image-6157 alignleft\" src=\"http:\/\/shalom.org.pl\/wp-content\/uploads\/2019\/05\/a-1.jpg\" alt=\"\" width=\"266\" height=\"400\" srcset=\"https:\/\/shalom.org.pl\/wp-content\/uploads\/2019\/05\/a-1.jpg 266w, https:\/\/shalom.org.pl\/wp-content\/uploads\/2019\/05\/a-1-200x300.jpg 200w, https:\/\/shalom.org.pl\/wp-content\/uploads\/2019\/05\/a-1-170x255.jpg 170w\" sizes=\"(max-width: 266px) 100vw, 266px\" \/><strong>Go\u0142da Tencer<\/strong><\/p><p class=\"pagesubtitle\"><strong>FOUNDER OF THE SHALOM FOUNDATION<\/strong><\/p><p style=\"text-align: justify;\">Go\u0142da Tencer \u2013 actress, director, singer. She was a student of the legendary Perec School in \u0141\u00f3d\u017a, where he passed her matura exam, also in Yiddish, a language she speaks fluently. In 1969, she moved from \u0141\u00f3d\u017a to Warsaw and affiliated with Estera Rachel and Ida Kami\u0144skie Jewish Theatre. She studied culture on the Warsaw University, she also graduated from the Actors Studio by the Jewish Theatre, postgraduate management studies on the Management Faculty of the Warsaw University and the Media Art Faculty at the Academy of Fine Arts.<\/p><p style=\"text-align: justify;\">She is famous for her many theatre roles, mainly classical and contemporary Jewish dramaturgy, such as: Leah in \u201cThe Dybbuk\u201d by Sz. Ansky (directed by Sz. Szurmiej), Cyne in \u201cGreen Fields\u201d by P. Hirszbejn (directed by Sz. Szurmiej), Bej\u0142ka in \u201cGreat Win\u201d by Sz. Aleichem (directed by J. Rotbaum), Szosza in \u201cA Goldfaden Dream\u201d (directed by J. Rotbaum). She also took part in many Polish and international film productions, such as \u201cDavid\u201d directed by P. Lilenthal (awarded the Bronze Berlin Bear), \u201cAlles auf Zucker!\u201d directed by D. Levy (Germany), \u201cAusteria\u201d directed by Jerzy Kawalerowicz and \u201cLove and War\u201d directed by M. Mizrahi (USA). Director and co-director of such stage performances as \u201cTrubadur from Galicia, \u201cCud purymowy,\u201d \u201cThe House in Nalewki\u201d (Kamienica na Nalewkach), \u201cA\u00a0bomb for me\u201d (Dla mnie bomba) together with Sz. Szurmiej, \u201cWe, the Polish Jews\u201d by J. Tuwim, and \u201cBonjour Monsieur Chagall\u201d, \u201cThe Song of the Murdered Nation\u201d.<\/p><p style=\"text-align: justify;\">In 2015 she gave a performance during the Gala Concert \u201cLadies And Gentlemen, There Will Be A War!\u201d directed by Monika Strz\u0119pka, which was a part of the 36th Actor\u2019s Song Review in Wroc\u0142aw.<\/p><p style=\"text-align: justify;\">She is the initiator and author of various artistic and educational campaigns aimed at protecting cultural heritage of Polish Jews. The founder of the Shalom Foundation (launched in 1998), creator and organizer of the Jewish Culture Festival \u201cSinger\u2019s Warsaw,\u201d founder of the Jewish kindergarten named after Lauder Morash. Upon her initiative and the support of Janusz Korczak Association the monument of Janusz Korczak was erected in 1999. She also gave the impulse to found the commemorating plaque that was placed in Gda\u0144ski Train Station on the 40th anniversary of March\u201968. Shalom Foundation and Polish-German Foundation\u2019s efforts resulted in the renovation of the Ghetto Heroes Monument in Warsaw. During the 65th and the 70th anniversary of the Warsaw Ghetto Uprising, she supervised the artistic part of the celebration, inviting to the gala concert in Teatr Wielki \u2013 The National Opera the Israeli Philharmonic Orchestra conducted by Zubin Mehta.<\/p><p style=\"text-align: justify;\">An important part of her activities are the projects that expand and promote the knowledge about the Jewish culture, such as the contest \u201cThe Culture and the History of Jews in Poland\u201d organized since 1993, publishing various books, including \u201cHistory. The Memory of Jews Before, During and After the Holocaust\u201d as well as the poetry book by Wis\u0142awa Szymborska \u201cNothing Given\u201d in five languages, including the first Yiddish edition. The exhibition organized by Go\u0142da in 1996 \u201cAnd I Still See Their Faces\u2026\u201d has already visited nearly 30 countries, including the USA, France and Mexico. In 2009-2015 she was the Deputy Director and in 2015 she became the General and Artistic Director of E. R. and I. Kami\u0144skie Jewish Theatre.<\/p><p style=\"text-align: justify;\">She is the recipient of many decorations awarded for her activity, including Golden Lira, the highest decoration awarded in Israel for the achievements in promoting Jewish culture. In Poland she received: Knight\u2019s Cross of Order of Polonia Restituta, Officer\u2019s Cross of Order of Polonia Restituta, Golden Medal of Gloria Artis and Commander\u2019s Cross of Order of Polonia Restituta awarded by the President of Poland, Bronis\u0142aw Komorowski. In 2014, she has also received the award of the Capital City of Warsaw and the award of Tadeusz Boy-\u017bele\u0144ski (2019).<\/p><p style=\"text-align: justify;\">Her plans include launching artistic board of the Jewish Theatre and some of the most prominent representatives of Polish culture have already announced their willingness to become its members, they include: Professor Anna Kuligowska-Korzeniewska, Professor Lech Majewski, Maciej Wojtyszko, Jacob Weitzner (PhD), Piotr Pazi\u0144ski (PhD), Karolina Szymaniak (PhD), Jan Szurmiej, Sylwia Chutnik, Ryszard Marek Gro\u0144ski, Marian Turski and J\u00f3zef Hen.<\/p><p>In 2019 she wrote, together with Katarzyna Przybyszewska-Ortonowska, the book &#8220;Go\u0142da Tencer. Jidisze mame&#8221;, which became the Book of the Month in September of the Literary Magazine KSI\u0104\u017bKI (BOOKS).<\/p>\t\t\t\t\t\t\t\t<\/div>\n\t\t\t\t<\/div>\n\t\t\t\t\t<\/div>\n\t\t<\/div>\n\t\t\t\t\t<\/div>\n\t\t<\/section>\n\t\t\t\t<\/div>\n\t\t","protected":false},"excerpt":{"rendered":"<p>Go\u0142da Tencer FOUNDER OF THE SHALOM FOUNDATION Go\u0142da Tencer \u2013 actress, director, singer. She was a student of the legendary [&hellip;]<\/p>\n","protected":false},"author":1,"featured_media":0,"parent":6377,"menu_order":1,"comment_status":"closed","ping_status":"closed","template":"","meta":{"_acf_changed":false,"ngg_post_thumbnail":0,"footnotes":""},"class_list":["post-6363","page","type-page","status-publish","hentry"],"acf":[],"_links":{"self":[{"href":"https:\/\/shalom.org.pl\/en\/wp-json\/wp\/v2\/pages\/6363","targetHints":{"allow":["GET"]}}],"collection":[{"href":"https:\/\/shalom.org.pl\/en\/wp-json\/wp\/v2\/pages"}],"about":[{"href":"https:\/\/shalom.org.pl\/en\/wp-json\/wp\/v2\/types\/page"}],"author":[{"embeddable":true,"href":"https:\/\/shalom.org.pl\/en\/wp-json\/wp\/v2\/users\/1"}],"replies":[{"embeddable":true,"href":"https:\/\/shalom.org.pl\/en\/wp-json\/wp\/v2\/comments?post=6363"}],"version-history":[{"count":7,"href":"https:\/\/shalom.org.pl\/en\/wp-json\/wp\/v2\/pages\/6363\/revisions"}],"predecessor-version":[{"id":10263,"href":"https:\/\/shalom.org.pl\/en\/wp-json\/wp\/v2\/pages\/6363\/revisions\/10263"}],"up":[{"embeddable":true,"href":"https:\/\/shalom.org.pl\/en\/wp-json\/wp\/v2\/pages\/6377"}],"wp:attachment":[{"href":"https:\/\/shalom.org.pl\/en\/wp-json\/wp\/v2\/media?parent=6363"}],"curies":[{"name":"wp","href":"https:\/\/api.w.org\/{rel}","templated":true}]}}