{"id":23,"date":"2019-02-21T11:51:16","date_gmt":"2019-02-21T10:51:16","guid":{"rendered":"http:\/\/singer.cesin.smarthost.pl\/wp\/?page_id=23"},"modified":"2025-06-01T18:32:34","modified_gmt":"2025-06-01T16:32:34","slug":"struktura-fundacji","status":"publish","type":"page","link":"https:\/\/shalom.org.pl\/en\/o-fundacji\/struktura-fundacji\/","title":{"rendered":"Struktura fundacji"},"content":{"rendered":"\t\t<div data-elementor-type=\"wp-post\" data-elementor-id=\"23\" class=\"elementor elementor-23\">\n\t\t\t\t\t\t<section class=\"has_eae_slider elementor-section elementor-top-section elementor-element elementor-element-218e137 elementor-section-boxed elementor-section-height-default elementor-section-height-default\" data-eae-slider=\"1207\" data-id=\"218e137\" data-element_type=\"section\" data-e-type=\"section\">\n\t\t\t\t\t\t<div class=\"elementor-container elementor-column-gap-default\">\n\t\t\t\t\t<div class=\"has_eae_slider elementor-column elementor-col-100 elementor-top-column elementor-element elementor-element-1b92c67\" data-eae-slider=\"70639\" data-id=\"1b92c67\" data-element_type=\"column\" data-e-type=\"column\">\n\t\t\t<div class=\"elementor-widget-wrap elementor-element-populated\">\n\t\t\t\t\t\t<div class=\"elementor-element elementor-element-a71c079 elementor-widget elementor-widget-wp-widget-text\" data-id=\"a71c079\" data-element_type=\"widget\" data-e-type=\"widget\" data-widget_type=\"wp-widget-text.default\">\n\t\t\t\t<div class=\"elementor-widget-container\">\n\t\t\t\t\t\t\t\t<div class=\"textwidget\"><div class=\"text-align-center\">\n<p><strong>Fundator\u00a0\u2013 <\/strong>Go\u0142da Tencer<\/p>\n<p><strong>Prezes Zarz\u0105du <\/strong>\u2013 Dawid Szurmiej<\/p>\n<p><strong>Rada Nadzorcza:<\/strong><br \/>\nRivka Slomka-Ostaszewski<br \/>\nGo\u0142da Tencer<\/p>\n<p>&nbsp;<\/p>\n<p><strong>Dyrektor ds. Promocji <\/strong>\u2013 Izabela Teodorkiewicz<\/p>\n<p><strong>Dyrektor ds. Programowych <\/strong>\u2013 Hanna Pa\u0142uba<\/p>\n<p><strong> G\u0142\u00f3wny Ksi\u0119gowy <\/strong>\u2013 Bo\u017cena Pika<\/p>\n<\/div>\n<\/div>\n\t\t\t\t\t\t<\/div>\n\t\t\t\t<\/div>\n\t\t\t\t\t<\/div>\n\t\t<\/div>\n\t\t\t\t\t<\/div>\n\t\t<\/section>\n\t\t\t\t<section class=\"has_eae_slider elementor-section elementor-top-section elementor-element elementor-element-baf82c5 elementor-section-boxed elementor-section-height-default elementor-section-height-default\" data-eae-slider=\"76301\" data-id=\"baf82c5\" data-element_type=\"section\" data-e-type=\"section\">\n\t\t\t\t\t\t<div class=\"elementor-container elementor-column-gap-default\">\n\t\t\t\t\t<div class=\"has_eae_slider elementor-column elementor-col-100 elementor-top-column elementor-element elementor-element-47e9c0b\" data-eae-slider=\"23035\" data-id=\"47e9c0b\" data-element_type=\"column\" data-e-type=\"column\">\n\t\t\t<div class=\"elementor-widget-wrap elementor-element-populated\">\n\t\t\t\t\t\t<div class=\"elementor-element elementor-element-cff34ea elementor-widget elementor-widget-text-editor\" data-id=\"cff34ea\" data-element_type=\"widget\" data-e-type=\"widget\" data-widget_type=\"text-editor.default\">\n\t\t\t\t<div class=\"elementor-widget-container\">\n\t\t\t\t\t\t\t\t\t<p>Lorem ipsum dolor sit amet, consectetur adipiscing elit. Ut elit tellus, luctus nec ullamcorper mattis, pulvinar dapibus leo.<\/p>\t\t\t\t\t\t\t\t<\/div>\n\t\t\t\t<\/div>\n\t\t\t\t\t<\/div>\n\t\t<\/div>\n\t\t\t\t\t<\/div>\n\t\t<\/section>\n\t\t\t\t<\/div>\n\t\t","protected":false},"excerpt":{"rendered":"<p>Lorem ipsum dolor sit amet, consectetur adipiscing elit. Ut elit tellus, luctus nec ullamcorper mattis, pulvinar dapibus leo.<\/p>\n","protected":false},"author":1,"featured_media":0,"parent":193,"menu_order":3,"comment_status":"closed","ping_status":"closed","template":"src\/uniwersalny.php","meta":{"_acf_changed":false,"ngg_post_thumbnail":0,"footnotes":""},"class_list":["post-23","page","type-page","status-publish","hentry"],"acf":[],"_links":{"self":[{"href":"https:\/\/shalom.org.pl\/en\/wp-json\/wp\/v2\/pages\/23","targetHints":{"allow":["GET"]}}],"collection":[{"href":"https:\/\/shalom.org.pl\/en\/wp-json\/wp\/v2\/pages"}],"about":[{"href":"https:\/\/shalom.org.pl\/en\/wp-json\/wp\/v2\/types\/page"}],"author":[{"embeddable":true,"href":"https:\/\/shalom.org.pl\/en\/wp-json\/wp\/v2\/users\/1"}],"replies":[{"embeddable":true,"href":"https:\/\/shalom.org.pl\/en\/wp-json\/wp\/v2\/comments?post=23"}],"version-history":[{"count":17,"href":"https:\/\/shalom.org.pl\/en\/wp-json\/wp\/v2\/pages\/23\/revisions"}],"predecessor-version":[{"id":21734,"href":"https:\/\/shalom.org.pl\/en\/wp-json\/wp\/v2\/pages\/23\/revisions\/21734"}],"up":[{"embeddable":true,"href":"https:\/\/shalom.org.pl\/en\/wp-json\/wp\/v2\/pages\/193"}],"wp:attachment":[{"href":"https:\/\/shalom.org.pl\/en\/wp-json\/wp\/v2\/media?parent=23"}],"curies":[{"name":"wp","href":"https:\/\/api.w.org\/{rel}","templated":true}]}}