{"id":189,"date":"2019-03-06T10:27:30","date_gmt":"2019-03-06T09:27:30","guid":{"rendered":"http:\/\/singer.cesin.smarthost.pl\/wp\/?page_id=189"},"modified":"2024-10-08T10:39:42","modified_gmt":"2024-10-08T08:39:42","slug":"os-czasu","status":"publish","type":"page","link":"https:\/\/shalom.org.pl\/en\/o-fundacji\/os-czasu\/","title":{"rendered":"O\u015b czasu"},"content":{"rendered":"\t\t<div data-elementor-type=\"wp-post\" data-elementor-id=\"189\" class=\"elementor elementor-189\">\n\t\t\t\t\t\t<section class=\"has_eae_slider elementor-section elementor-top-section elementor-element elementor-element-f39bee0 elementor-section-boxed elementor-section-height-default elementor-section-height-default\" data-eae-slider=\"18196\" data-id=\"f39bee0\" data-element_type=\"section\" data-e-type=\"section\">\n\t\t\t\t\t\t<div class=\"elementor-container elementor-column-gap-default\">\n\t\t\t\t\t<div class=\"has_eae_slider elementor-column elementor-col-100 elementor-top-column elementor-element elementor-element-372a0b3\" data-eae-slider=\"25728\" data-id=\"372a0b3\" data-element_type=\"column\" data-e-type=\"column\">\n\t\t\t<div class=\"elementor-widget-wrap elementor-element-populated\">\n\t\t\t\t\t\t<div class=\"elementor-element elementor-element-7c8a2c8 elementor-widget elementor-widget-shortcode\" data-id=\"7c8a2c8\" data-element_type=\"widget\" data-e-type=\"widget\" data-widget_type=\"shortcode.default\">\n\t\t\t\t<div class=\"elementor-widget-container\">\n\t\t\t\t\t\t\t<div class=\"elementor-shortcode\"><!=========Events Timeline Template 2.5.4=========><div id=\"event-timeline-wrapper\" class=\"timeline style-3\"><div class=\"cool-event-timeline\"><div class=\"ect-timeline-year\">\n\t\t\t\t\t\t<div class=\"year-placeholder\"><!-- Month \/ Year Headers --><span class='month-year-box'>Apr 2024<\/span><\/div>\n\t\t\t\t\t\t<\/div><div id=\"post-19080\" class=\"ect-timeline-post even ect-simple-event style-3 past\"><div class=\"timeline-dots\"><\/div><div class=\"timeline-content even\"><div class=\"ect-timeline-header\"><a class=\"timeline-ev-img\" href=\"https:\/\/shalom.org.pl\/en\/event\/19080\/\"><img src= \"https:\/\/shalom.org.pl\/wp-content\/uploads\/2024\/04\/434468402_842810157873235_490549045576585874_n.jpg\"\/><\/a><div class=\"ect-date-area timeline-view-schedule\"><span class=\"ev-day\">01<\/span>\n\t\t\t\t\t\t\t\t\t<span class=\"ev-mo\">April<\/span>\n\t\t\t\t\t\t\t\t\t<\/div><\/div><div class=\"ect-timeline-main-content\"><h2 class=\"content-title\"><a class=\"ect-event-url\" href=\"https:\/\/shalom.org.pl\/en\/event\/19080\/\" rel=\"bookmark\">Wystawa &#8220;I ci\u0105gle widz\u0119 ich twarze&#8221; na festiwalu PHOTO:ISRAEL<\/a><\/h2><!-- Event Content --><div class=\"ect-event-content\"><p>27 marca odby\u0142o si\u0119 otwarcie nowej wersji wystawy \"I ci\u0105gle widz\u0119 ich twarze\". Wystawa fotografii Polskich \u017byd\u00f3w go\u015bci aktualnie na [&hellip;]<\/p>\n<\/div><div class=\"ect-timeline-footer\"><div class=\"ect-lslist-event-detail full-view\">\n        <a href=\"https:\/\/shalom.org.pl\/en\/event\/19080\/\" title=\"Wystawa &#8220;I ci\u0105gle widz\u0119 ich twarze&#8221; na festiwalu PHOTO:ISRAEL\" rel=\"bookmark\">Find out more<\/a>\n        <\/div><\/div><\/div><\/div><\/div><div class=\"ect-timeline-year\">\n\t\t\t\t\t\t<div class=\"year-placeholder\"><!-- Month \/ Year Headers --><span class='month-year-box'>May 2021<\/span><\/div>\n\t\t\t\t\t\t<\/div><div id=\"post-13024\" class=\"ect-timeline-post even ect-simple-event style-3 past\"><div class=\"timeline-dots\"><\/div><div class=\"timeline-content even\"><div class=\"ect-timeline-header\"><a class=\"timeline-ev-img\" href=\"https:\/\/shalom.org.pl\/en\/event\/the-18th-jewish-culture-festival-singers-warsaw-the-festival-you-carry-in-your-heart\/\"><img src= \"https:\/\/shalom.org.pl\/wp-content\/uploads\/2021\/05\/DSC_0202-1024x678.jpg\"\/><\/a><div class=\"ect-date-area timeline-view-schedule\"><span class=\"ev-day\">18<\/span>\n\t\t\t\t\t\t\t\t\t<span class=\"ev-mo\">May<\/span>\n\t\t\t\t\t\t\t\t\t<\/div><\/div><div class=\"ect-timeline-main-content\"><h2 class=\"content-title\"><a class=\"ect-event-url\" href=\"https:\/\/shalom.org.pl\/en\/event\/the-18th-jewish-culture-festival-singers-warsaw-the-festival-you-carry-in-your-heart\/\" rel=\"bookmark\">The 18th Jewish Culture Festival &#8211; Singer&#8217;s Warsaw. The festival you carry in your heart<\/a><\/h2><!-- Event Content --><div class=\"ect-event-content\"><p>This year our festival is reaching the legal age.&nbsp; We wonder if we could apply for the official identity document.&nbsp; [&hellip;]<\/p>\n<\/div><div class=\"ect-timeline-footer\"><div class=\"ect-lslist-event-detail full-view\">\n        <a href=\"https:\/\/shalom.org.pl\/en\/event\/the-18th-jewish-culture-festival-singers-warsaw-the-festival-you-carry-in-your-heart\/\" title=\"The 18th Jewish Culture Festival &#8211; Singer&#8217;s Warsaw. The festival you carry in your heart\" rel=\"bookmark\">Find out more<\/a>\n        <\/div><\/div><\/div><\/div><\/div><div id=\"post-12980\" class=\"ect-timeline-post even ect-simple-event style-3 past\"><div class=\"timeline-dots\"><\/div><div class=\"timeline-content even\"><div class=\"ect-timeline-header\"><a class=\"timeline-ev-img\" href=\"https:\/\/shalom.org.pl\/en\/event\/xviii-festiwal-kultury-zydowskiej-warszawa-singera-festiwal-ktory-nosi-sie-w-sercu\/\"><img src= \"https:\/\/shalom.org.pl\/wp-content\/uploads\/2021\/05\/DSC_0202-1024x678.jpg\"\/><\/a><div class=\"ect-date-area timeline-view-schedule\"><span class=\"ev-day\">16<\/span>\n\t\t\t\t\t\t\t\t\t<span class=\"ev-mo\">May<\/span>\n\t\t\t\t\t\t\t\t\t<\/div><\/div><div class=\"ect-timeline-main-content\"><h2 class=\"content-title\"><a class=\"ect-event-url\" href=\"https:\/\/shalom.org.pl\/en\/event\/xviii-festiwal-kultury-zydowskiej-warszawa-singera-festiwal-ktory-nosi-sie-w-sercu\/\" rel=\"bookmark\">XVIII Festiwal Kultury \u017bydowskiej Warszawa Singera. Festiwal, kt\u00f3ry nosi si\u0119 w sercu<\/a><\/h2><!-- Event Content --><div class=\"ect-event-content\"><p>W tym roku nasz festiwal osi\u0105ga pe\u0142noletnio\u015b\u0107. Ciekawe, czy mogliby\u015bmy ubiega\u0107 si\u0119 o dow\u00f3d dla niego. Pewnie nie, cho\u0107 w\u0142a\u015bciwie [&hellip;]<\/p>\n<\/div><div class=\"ect-timeline-footer\"><div class=\"ect-lslist-event-detail full-view\">\n        <a href=\"https:\/\/shalom.org.pl\/en\/event\/xviii-festiwal-kultury-zydowskiej-warszawa-singera-festiwal-ktory-nosi-sie-w-sercu\/\" title=\"XVIII Festiwal Kultury \u017bydowskiej Warszawa Singera. Festiwal, kt\u00f3ry nosi si\u0119 w sercu\" rel=\"bookmark\">Find out more<\/a>\n        <\/div><\/div><\/div><\/div><\/div><div class=\"ect-timeline-year\">\n\t\t\t\t\t\t<div class=\"year-placeholder\"><!-- Month \/ Year Headers --><span class='month-year-box'>Mar 2021<\/span><\/div>\n\t\t\t\t\t\t<\/div><div id=\"post-12889\" class=\"ect-timeline-post even ect-simple-event style-3 past\"><div class=\"timeline-dots\"><\/div><div class=\"timeline-content even\"><div class=\"ect-timeline-header\"><a class=\"timeline-ev-img\" href=\"https:\/\/shalom.org.pl\/en\/event\/trzeci-seder-koncert-i-celebracja-zydowskiej-paschy\/\"><img src= \"https:\/\/shalom.org.pl\/wp-content\/uploads\/2021\/03\/154665773_10164719551205065_6024871115900659226_n.jpg\"\/><\/a><div class=\"ect-date-area timeline-view-schedule\"><span class=\"ev-day\">21<\/span>\n\t\t\t\t\t\t\t\t\t<span class=\"ev-mo\">March<\/span>\n\t\t\t\t\t\t\t\t\t<\/div><\/div><div class=\"ect-timeline-main-content\"><h2 class=\"content-title\"><a class=\"ect-event-url\" href=\"https:\/\/shalom.org.pl\/en\/event\/trzeci-seder-koncert-i-celebracja-zydowskiej-paschy\/\" rel=\"bookmark\">2. Doroczny Trzeci Seder Kultury Jidysz: koncert i celebracja Paschy ONLINE<\/a><\/h2><!-- Event Content --><div class=\"ect-event-content\"><p>W niedziel\u0119, 21 marca o godzinie 14:00 (czas NY) Marlene Meyerson z JCC Manhattan (wraz z g\u0142\u00f3wnym sponsorem National Yiddish [&hellip;]<\/p>\n<\/div><div class=\"ect-timeline-footer\"><div class=\"ect-lslist-event-detail full-view\">\n        <a href=\"https:\/\/shalom.org.pl\/en\/event\/trzeci-seder-koncert-i-celebracja-zydowskiej-paschy\/\" title=\"2. Doroczny Trzeci Seder Kultury Jidysz: koncert i celebracja Paschy ONLINE\" rel=\"bookmark\">Find out more<\/a>\n        <\/div><\/div><\/div><\/div><\/div><div id=\"post-12886\" class=\"ect-timeline-post even ect-simple-event style-3 past\"><div class=\"timeline-dots\"><\/div><div class=\"timeline-content even\"><div class=\"ect-timeline-header\"><a class=\"timeline-ev-img\" href=\"https:\/\/shalom.org.pl\/en\/event\/the-third-seder-a-yiddish-passover-celebration-and-concert\/\"><img src= \"https:\/\/shalom.org.pl\/wp-content\/uploads\/2021\/03\/154665773_10164719551205065_6024871115900659226_n.jpg\"\/><\/a><div class=\"ect-date-area timeline-view-schedule\"><span class=\"ev-day\">21<\/span>\n\t\t\t\t\t\t\t\t\t<span class=\"ev-mo\">March<\/span>\n\t\t\t\t\t\t\t\t\t<\/div><\/div><div class=\"ect-timeline-main-content\"><h2 class=\"content-title\"><a class=\"ect-event-url\" href=\"https:\/\/shalom.org.pl\/en\/event\/the-third-seder-a-yiddish-passover-celebration-and-concert\/\" rel=\"bookmark\">2nd Annual Yiddish Cultural Third Seder: A Yiddish Passover Celebration and Concert ONLINE<\/a><\/h2><!-- Event Content --><div class=\"ect-event-content\"><p>On Sunday, March 21, 2pm EST, the Marlene Meyerson JCC Manhattan (with lead sponsorship from The National Yiddish Theatre Folksbiene) [&hellip;]<\/p>\n<\/div><div class=\"ect-timeline-footer\"><div class=\"ect-lslist-event-detail full-view\">\n        <a href=\"https:\/\/shalom.org.pl\/en\/event\/the-third-seder-a-yiddish-passover-celebration-and-concert\/\" title=\"2nd Annual Yiddish Cultural Third Seder: A Yiddish Passover Celebration and Concert ONLINE\" rel=\"bookmark\">Find out more<\/a>\n        <\/div><\/div><\/div><\/div><\/div><div id=\"post-12856\" class=\"ect-timeline-post even ect-simple-event style-3 past\"><div class=\"timeline-dots\"><\/div><div class=\"timeline-content even\"><div class=\"ect-timeline-header\"><a class=\"timeline-ev-img\" href=\"https:\/\/shalom.org.pl\/en\/event\/remember-about-the-dramatic-events-of-march68\/\"><img src= \"https:\/\/shalom.org.pl\/wp-content\/uploads\/2021\/03\/02.DSC_4321.jpg\"\/><\/a><div class=\"ect-date-area timeline-view-schedule\"><span class=\"ev-day\">08<\/span>\n\t\t\t\t\t\t\t\t\t<span class=\"ev-mo\">March<\/span>\n\t\t\t\t\t\t\t\t\t<\/div><\/div><div class=\"ect-timeline-main-content\"><h2 class=\"content-title\"><a class=\"ect-event-url\" href=\"https:\/\/shalom.org.pl\/en\/event\/remember-about-the-dramatic-events-of-march68\/\" rel=\"bookmark\">Remember about the dramatic events of March\u201968<\/a><\/h2><!-- Event Content --><div class=\"ect-event-content\"><p>Every year, to commemorate the March\u201968 events, people for whom the memory of the dramatic events of the March is [&hellip;]<\/p>\n<\/div><div class=\"ect-timeline-footer\"><div class=\"ect-lslist-event-detail full-view\">\n        <a href=\"https:\/\/shalom.org.pl\/en\/event\/remember-about-the-dramatic-events-of-march68\/\" title=\"Remember about the dramatic events of March\u201968\" rel=\"bookmark\">Find out more<\/a>\n        <\/div><\/div><\/div><\/div><\/div><div id=\"post-12852\" class=\"ect-timeline-post even ect-simple-event style-3 past\"><div class=\"timeline-dots\"><\/div><div class=\"timeline-content even\"><div class=\"ect-timeline-header\"><a class=\"timeline-ev-img\" href=\"https:\/\/shalom.org.pl\/en\/event\/pamietajmy-o-wydarzeniach-marca68\/\"><img src= \"https:\/\/shalom.org.pl\/wp-content\/uploads\/2021\/03\/Picture3-1024x736.jpg\"\/><\/a><div class=\"ect-date-area timeline-view-schedule\"><span class=\"ev-day\">08<\/span>\n\t\t\t\t\t\t\t\t\t<span class=\"ev-mo\">March<\/span>\n\t\t\t\t\t\t\t\t\t<\/div><\/div><div class=\"ect-timeline-main-content\"><h2 class=\"content-title\"><a class=\"ect-event-url\" href=\"https:\/\/shalom.org.pl\/en\/event\/pamietajmy-o-wydarzeniach-marca68\/\" rel=\"bookmark\">Obchody rocznicy Marca \u201968<\/a><\/h2><!-- Event Content --><div class=\"ect-event-content\"><p>W tym roku, 8 marca, w dniu uznanym za symboliczn\u0105 dat\u0119 bolesnych wydarze\u0144 marca 1968 roku, obchodzimy ju\u017c 53. rocznic\u0119 [&hellip;]<\/p>\n<\/div><div class=\"ect-timeline-footer\"><div class=\"ect-lslist-event-detail full-view\">\n        <a href=\"https:\/\/shalom.org.pl\/en\/event\/pamietajmy-o-wydarzeniach-marca68\/\" title=\"Obchody rocznicy Marca \u201968\" rel=\"bookmark\">Find out more<\/a>\n        <\/div><\/div><\/div><\/div><\/div><div class=\"ect-timeline-year\">\n\t\t\t\t\t\t<div class=\"year-placeholder\"><!-- Month \/ Year Headers --><span class='month-year-box'>Jan 2021<\/span><\/div>\n\t\t\t\t\t\t<\/div><div id=\"post-12730\" class=\"ect-timeline-post even ect-simple-event style-3 past\"><div class=\"timeline-dots\"><\/div><div class=\"timeline-content even\"><div class=\"ect-timeline-header\"><a class=\"timeline-ev-img\" href=\"https:\/\/shalom.org.pl\/en\/event\/the-16th-international-remembrance-day-commemorating-the-victims-of-the-holocaust\/\"><img src= \"https:\/\/shalom.org.pl\/wp-content\/uploads\/2021\/01\/1-1024x1024.jpg\"\/><\/a><div class=\"ect-date-area timeline-view-schedule\"><span class=\"ev-day\">27<\/span>\n\t\t\t\t\t\t\t\t\t<span class=\"ev-mo\">January<\/span>\n\t\t\t\t\t\t\t\t\t<\/div><\/div><div class=\"ect-timeline-main-content\"><h2 class=\"content-title\"><a class=\"ect-event-url\" href=\"https:\/\/shalom.org.pl\/en\/event\/the-16th-international-remembrance-day-commemorating-the-victims-of-the-holocaust\/\" rel=\"bookmark\">The 16th International Remembrance Day Commemorating the Victims of the Holocaust ONLINE<\/a><\/h2><!-- Event Content --><div class=\"ect-event-content\"><p>This year, the International Holocaust Remembrance Day in Poland will be celebrated on January 27 and all official ceremonies will [&hellip;]<\/p>\n<\/div><div class=\"ect-timeline-footer\"><div class=\"ect-lslist-event-detail full-view\">\n        <a href=\"https:\/\/shalom.org.pl\/en\/event\/the-16th-international-remembrance-day-commemorating-the-victims-of-the-holocaust\/\" title=\"The 16th International Remembrance Day Commemorating the Victims of the Holocaust ONLINE\" rel=\"bookmark\">Find out more<\/a>\n        <\/div><\/div><\/div><\/div><\/div><div id=\"post-12725\" class=\"ect-timeline-post even ect-simple-event style-3 past\"><div class=\"timeline-dots\"><\/div><div class=\"timeline-content even\"><div class=\"ect-timeline-header\"><a class=\"timeline-ev-img\" href=\"https:\/\/shalom.org.pl\/en\/event\/16-miedzynarodowy-dzien-pamieci-o-ofiarach-holokaustu\/\"><img src= \"https:\/\/shalom.org.pl\/wp-content\/uploads\/2021\/01\/1-1024x1024.jpg\"\/><\/a><div class=\"ect-date-area timeline-view-schedule\"><span class=\"ev-day\">24<\/span>\n\t\t\t\t\t\t\t\t\t<span class=\"ev-mo\">January<\/span>\n\t\t\t\t\t\t\t\t\t<\/div><\/div><div class=\"ect-timeline-main-content\"><h2 class=\"content-title\"><a class=\"ect-event-url\" href=\"https:\/\/shalom.org.pl\/en\/event\/16-miedzynarodowy-dzien-pamieci-o-ofiarach-holokaustu\/\" rel=\"bookmark\">16. Mi\u0119dzynarodowy Dzie\u0144 Pami\u0119ci o Ofiarach Holokaustu ONLINE<\/a><\/h2><!-- Event Content --><div class=\"ect-event-content\"><p>Tegoroczne obchody Mi\u0119dzynarodowego Dnia Pami\u0119ci o Ofiarach Holokaustu odb\u0119d\u0105 si\u0119 27 stycznia w formule online. Rozpoczn\u0105 si\u0119 o godzinie 13.00 [&hellip;]<\/p>\n<\/div><div class=\"ect-timeline-footer\"><div class=\"ect-lslist-event-detail full-view\">\n        <a href=\"https:\/\/shalom.org.pl\/en\/event\/16-miedzynarodowy-dzien-pamieci-o-ofiarach-holokaustu\/\" title=\"16. Mi\u0119dzynarodowy Dzie\u0144 Pami\u0119ci o Ofiarach Holokaustu ONLINE\" rel=\"bookmark\">Find out more<\/a>\n        <\/div><\/div><\/div><\/div><\/div><div id=\"post-12687\" class=\"ect-timeline-post even ect-simple-event style-3 past\"><div class=\"timeline-dots\"><\/div><div class=\"timeline-content even\"><div class=\"ect-timeline-header\"><a class=\"timeline-ev-img\" href=\"https:\/\/shalom.org.pl\/en\/event\/the-1st-international-winter-mini-seminar-in-yiddish-language-and-culture-on-line\/\"><img src= \"https:\/\/shalom.org.pl\/wp-content\/uploads\/2021\/01\/Plakat-Seminarium-zimowe-2021.jpg\"\/><\/a><div class=\"ect-date-area timeline-view-schedule\"><span class=\"ev-day\">19<\/span>\n\t\t\t\t\t\t\t\t\t<span class=\"ev-mo\">January<\/span>\n\t\t\t\t\t\t\t\t\t<\/div><\/div><div class=\"ect-timeline-main-content\"><h2 class=\"content-title\"><a class=\"ect-event-url\" href=\"https:\/\/shalom.org.pl\/en\/event\/the-1st-international-winter-mini-seminar-in-yiddish-language-and-culture-on-line\/\" rel=\"bookmark\">The 1st International Winter Mini Seminar in Yiddish Language and Culture ON-LINE<\/a><\/h2><!-- Event Content --><div class=\"ect-event-content\"><p>26-28 February &amp; 5-7 March 2021 Jewish winter? The Shalom Foundation in cooperation with the Center for Yiddish Culture invite [&hellip;]<\/p>\n<\/div><div class=\"ect-timeline-footer\"><div class=\"ect-lslist-event-detail full-view\">\n        <a href=\"https:\/\/shalom.org.pl\/en\/event\/the-1st-international-winter-mini-seminar-in-yiddish-language-and-culture-on-line\/\" title=\"The 1st International Winter Mini Seminar in Yiddish Language and Culture ON-LINE\" rel=\"bookmark\">Find out more<\/a>\n        <\/div><\/div><\/div><\/div><\/div><div id=\"post-12682\" class=\"ect-timeline-post even ect-simple-event style-3 past\"><div class=\"timeline-dots\"><\/div><div class=\"timeline-content even\"><div class=\"ect-timeline-header\"><a class=\"timeline-ev-img\" href=\"https:\/\/shalom.org.pl\/en\/event\/1-miedzynarodowe-zimowe-seminarium-jezyka-i-kultury-jidysz-on-line\/\"><img src= \"https:\/\/shalom.org.pl\/wp-content\/uploads\/2021\/01\/Plakat-Seminarium-zimowe-2021.jpg\"\/><\/a><div class=\"ect-date-area timeline-view-schedule\"><span class=\"ev-day\">19<\/span>\n\t\t\t\t\t\t\t\t\t<span class=\"ev-mo\">January<\/span>\n\t\t\t\t\t\t\t\t\t<\/div><\/div><div class=\"ect-timeline-main-content\"><h2 class=\"content-title\"><a class=\"ect-event-url\" href=\"https:\/\/shalom.org.pl\/en\/event\/1-miedzynarodowe-zimowe-seminarium-jezyka-i-kultury-jidysz-on-line\/\" rel=\"bookmark\">1. Mi\u0119dzynarodowe Zimowe Seminarium J\u0119zyka i Kultury Jidysz ON-LINE<\/a><\/h2><!-- Event Content --><div class=\"ect-event-content\"><p>26-28 lutego i 5-7 marca 2021 Ferie po \u017cydowsku? Fundacja Shalom we wsp\u00f3\u0142pracy z Centrum Kultury Jidysz zapraszaj\u0105 wszystkich mi\u0142o\u015bnik\u00f3w [&hellip;]<\/p>\n<\/div><div class=\"ect-timeline-footer\"><div class=\"ect-lslist-event-detail full-view\">\n        <a href=\"https:\/\/shalom.org.pl\/en\/event\/1-miedzynarodowe-zimowe-seminarium-jezyka-i-kultury-jidysz-on-line\/\" title=\"1. Mi\u0119dzynarodowe Zimowe Seminarium J\u0119zyka i Kultury Jidysz ON-LINE\" rel=\"bookmark\">Find out more<\/a>\n        <\/div><\/div><\/div><\/div><\/div><div class=\"ect-timeline-year\">\n\t\t\t\t\t\t<div class=\"year-placeholder\"><!-- Month \/ Year Headers --><span class='month-year-box'>Dec 2020<\/span><\/div>\n\t\t\t\t\t\t<\/div><div id=\"post-12648\" class=\"ect-timeline-post even ect-simple-event style-3 past\"><div class=\"timeline-dots\"><\/div><div class=\"timeline-content even\"><div class=\"ect-timeline-header\"><a class=\"timeline-ev-img\" href=\"https:\/\/shalom.org.pl\/en\/event\/merry-christmas\/\"><img src= \"https:\/\/shalom.org.pl\/wp-content\/uploads\/2020\/12\/christmas-3805334_1920-1-1024x683.jpg\"\/><\/a><div class=\"ect-date-area timeline-view-schedule\"><span class=\"ev-day\">22<\/span>\n\t\t\t\t\t\t\t\t\t<span class=\"ev-mo\">December<\/span>\n\t\t\t\t\t\t\t\t\t<\/div><\/div><div class=\"ect-timeline-main-content\"><h2 class=\"content-title\"><a class=\"ect-event-url\" href=\"https:\/\/shalom.org.pl\/en\/event\/merry-christmas\/\" rel=\"bookmark\">Merry Christmas<\/a><\/h2><!-- Event Content --><div class=\"ect-event-content\"><p>Wishing you a wonderful Christmas filled with love, joy, and peace. May you receive all the best that life can [&hellip;]<\/p>\n<\/div><div class=\"ect-timeline-footer\"><div class=\"ect-lslist-event-detail full-view\">\n        <a href=\"https:\/\/shalom.org.pl\/en\/event\/merry-christmas\/\" title=\"Merry Christmas\" rel=\"bookmark\">Find out more<\/a>\n        <\/div><\/div><\/div><\/div><\/div><div id=\"post-12639\" class=\"ect-timeline-post even ect-simple-event style-3 past\"><div class=\"timeline-dots\"><\/div><div class=\"timeline-content even\"><div class=\"ect-timeline-header\"><a class=\"timeline-ev-img\" href=\"https:\/\/shalom.org.pl\/en\/event\/wesolych-swiat-bozego-narodzenia\/\"><img src= \"https:\/\/shalom.org.pl\/wp-content\/uploads\/2020\/12\/christmas-3805334_1920-1-1024x683.jpg\"\/><\/a><div class=\"ect-date-area timeline-view-schedule\"><span class=\"ev-day\">22<\/span>\n\t\t\t\t\t\t\t\t\t<span class=\"ev-mo\">December<\/span>\n\t\t\t\t\t\t\t\t\t<\/div><\/div><div class=\"ect-timeline-main-content\"><h2 class=\"content-title\"><a class=\"ect-event-url\" href=\"https:\/\/shalom.org.pl\/en\/event\/wesolych-swiat-bozego-narodzenia\/\" rel=\"bookmark\">Weso\u0142ych \u015awi\u0105t Bo\u017cego Narodzenia<\/a><\/h2><!-- Event Content --><div class=\"ect-event-content\"><p>&nbsp; Wspania\u0142ych \u015awi\u0105t Bo\u017cego Narodzenia, wype\u0142nionych mi\u0142o\u015bci\u0105, rado\u015bci\u0105 i pokojem. Oby\u015bcie otrzymali wszystko, co najlepsze, co mo\u017ce przynie\u015b\u0107 \u017cycie. Weso\u0142ych [&hellip;]<\/p>\n<\/div><div class=\"ect-timeline-footer\"><div class=\"ect-lslist-event-detail full-view\">\n        <a href=\"https:\/\/shalom.org.pl\/en\/event\/wesolych-swiat-bozego-narodzenia\/\" title=\"Weso\u0142ych \u015awi\u0105t Bo\u017cego Narodzenia\" rel=\"bookmark\">Find out more<\/a>\n        <\/div><\/div><\/div><\/div><\/div><div id=\"post-12574\" class=\"ect-timeline-post even ect-simple-event style-3 past\"><div class=\"timeline-dots\"><\/div><div class=\"timeline-content even\"><div class=\"ect-timeline-header\"><a class=\"timeline-ev-img\" href=\"https:\/\/shalom.org.pl\/en\/event\/happy-hanukkah\/\"><img src= \"https:\/\/shalom.org.pl\/wp-content\/uploads\/2020\/12\/chanuka-hanukkah-984x1024.jpg\"\/><\/a><div class=\"ect-date-area timeline-view-schedule\"><span class=\"ev-day\">08<\/span>\n\t\t\t\t\t\t\t\t\t<span class=\"ev-mo\">December<\/span>\n\t\t\t\t\t\t\t\t\t<\/div><\/div><div class=\"ect-timeline-main-content\"><h2 class=\"content-title\"><a class=\"ect-event-url\" href=\"https:\/\/shalom.org.pl\/en\/event\/happy-hanukkah\/\" rel=\"bookmark\">Happy Hanukkah<\/a><\/h2><!-- Event Content --><div class=\"ect-event-content\"><p>Hanukkah is coming - the time of joy and smiling. In this special year, we are wishing our friends lots [&hellip;]<\/p>\n<\/div><div class=\"ect-timeline-footer\"><div class=\"ect-lslist-event-detail full-view\">\n        <a href=\"https:\/\/shalom.org.pl\/en\/event\/happy-hanukkah\/\" title=\"Happy Hanukkah\" rel=\"bookmark\">Find out more<\/a>\n        <\/div><\/div><\/div><\/div><\/div><div id=\"post-12572\" class=\"ect-timeline-post even ect-simple-event style-3 past\"><div class=\"timeline-dots\"><\/div><div class=\"timeline-content even\"><div class=\"ect-timeline-header\"><a class=\"timeline-ev-img\" href=\"https:\/\/shalom.org.pl\/en\/event\/szczesliwej-chanuki-4\/\"><img src= \"https:\/\/shalom.org.pl\/wp-content\/uploads\/2020\/12\/chanuka-hanukkah-984x1024.jpg\"\/><\/a><div class=\"ect-date-area timeline-view-schedule\"><span class=\"ev-day\">08<\/span>\n\t\t\t\t\t\t\t\t\t<span class=\"ev-mo\">December<\/span>\n\t\t\t\t\t\t\t\t\t<\/div><\/div><div class=\"ect-timeline-main-content\"><h2 class=\"content-title\"><a class=\"ect-event-url\" href=\"https:\/\/shalom.org.pl\/en\/event\/szczesliwej-chanuki-4\/\" rel=\"bookmark\">Szcz\u0119\u015bliwej Chanuki<\/a><\/h2><!-- Event Content --><div class=\"ect-event-content\"><p>Nadchodzi Chanuka - czas rado\u015bci i u\u015bmiechu. W tym szczeg\u00f3lnym roku wszystkim Wam \u2013 naszym Przyjacio\u0142om, \u017cyczymy zdrowia, nadziei i [&hellip;]<\/p>\n<\/div><div class=\"ect-timeline-footer\"><div class=\"ect-lslist-event-detail full-view\">\n        <a href=\"https:\/\/shalom.org.pl\/en\/event\/szczesliwej-chanuki-4\/\" title=\"Szcz\u0119\u015bliwej Chanuki\" rel=\"bookmark\">Find out more<\/a>\n        <\/div><\/div><\/div><\/div><\/div><\/div><\/div><\/div>\n\t\t\t\t\t\t<\/div>\n\t\t\t\t<\/div>\n\t\t\t\t\t<\/div>\n\t\t<\/div>\n\t\t\t\t\t<\/div>\n\t\t<\/section>\n\t\t\t\t<\/div>\n\t\t","protected":false},"excerpt":{"rendered":"","protected":false},"author":1,"featured_media":0,"parent":193,"menu_order":5,"comment_status":"closed","ping_status":"closed","template":"","meta":{"_acf_changed":false,"ngg_post_thumbnail":0,"footnotes":""},"class_list":["post-189","page","type-page","status-publish","hentry","cat_instytucja-pl","cat_timeline"],"acf":[],"_links":{"self":[{"href":"https:\/\/shalom.org.pl\/en\/wp-json\/wp\/v2\/pages\/189","targetHints":{"allow":["GET"]}}],"collection":[{"href":"https:\/\/shalom.org.pl\/en\/wp-json\/wp\/v2\/pages"}],"about":[{"href":"https:\/\/shalom.org.pl\/en\/wp-json\/wp\/v2\/types\/page"}],"author":[{"embeddable":true,"href":"https:\/\/shalom.org.pl\/en\/wp-json\/wp\/v2\/users\/1"}],"replies":[{"embeddable":true,"href":"https:\/\/shalom.org.pl\/en\/wp-json\/wp\/v2\/comments?post=189"}],"version-history":[{"count":34,"href":"https:\/\/shalom.org.pl\/en\/wp-json\/wp\/v2\/pages\/189\/revisions"}],"predecessor-version":[{"id":21172,"href":"https:\/\/shalom.org.pl\/en\/wp-json\/wp\/v2\/pages\/189\/revisions\/21172"}],"up":[{"embeddable":true,"href":"https:\/\/shalom.org.pl\/en\/wp-json\/wp\/v2\/pages\/193"}],"wp:attachment":[{"href":"https:\/\/shalom.org.pl\/en\/wp-json\/wp\/v2\/media?parent=189"}],"curies":[{"name":"wp","href":"https:\/\/api.w.org\/{rel}","templated":true}]}}