{"id":187,"date":"2019-03-06T10:27:09","date_gmt":"2019-03-06T09:27:09","guid":{"rendered":"http:\/\/singer.cesin.smarthost.pl\/wp\/?page_id=187"},"modified":"2025-07-01T17:40:45","modified_gmt":"2025-07-01T15:40:45","slug":"zespol","status":"publish","type":"page","link":"https:\/\/shalom.org.pl\/en\/o-festiwalu\/zespol\/","title":{"rendered":"Zesp\u00f3\u0142"},"content":{"rendered":"<p><strong>Dyrektor i tw\u00f3rca festiwalu:<\/strong><br \/>\nGo\u0142da Tencer<\/p>\n<p><strong>Organizator:<\/strong><br \/>\nFUNDACJA SHALOM<\/p>\n<p><strong>Prezes Zarz\u0105du:<\/strong><br \/>\nDawid Szurmiej<\/p>\n<p><strong>Wicedyrektor ds. programowych:<\/strong><br \/>\nIzabela Teodorkiewicz<\/p>\n<p><strong>Kierownictwo produkcji:<\/strong><br \/>\nHanna Pa\u0142uba, Joanna Fedorowicz<\/p>\n<p><strong>Kierownictwo literackie<\/strong>:<br \/>\nRemigiusz Grzela<\/p>\n<p><strong>Dyrektor ds. projekt\u00f3w audiowizualnych:<\/strong><br \/>\nDawid Szurmiej<\/p>\n<p><strong>Scenografia:<\/strong><br \/>\nMarta Grudzi\u0144ska, Ewa \u0141aniecka<\/p>\n<p><strong>Projekt plakatu i logo festiwalu:<\/strong><br \/>\nLech Majewski<\/p>\n<p><strong>Obs\u0142uga PR:<\/strong><br \/>\nRebelia Media Group<\/p>\n<p>Redakcja katalogu:<br \/>\nGabriela Bidzi\u0144ska,&nbsp;Hanna Pa\u0142uba,&nbsp;Izabela Teodorkiewicz<\/p>\n<p><strong>Redakcja strony internetowej, social media:<\/strong><br \/>\nKatarzyna Nakonieczna, Jaros\u0142aw Kami\u0144ski, korekta &#8211; Barbara Michalczyk<\/p>\n<p><strong>Obs\u0142uga ksi\u0119gowa:<\/strong><br \/>\nBo\u017cena Pika<\/p>\n<p><strong>Obs\u0142uga prawna:<\/strong><br \/>\nDMP LEGAL Pham Makarewicz Sp. Komandytowa<\/p>\n<p><strong>Biuro Festiwalowe:<\/strong><br \/>\nMonika Soszka, Paulina Lombarowicz<\/p>\n<p><strong>Wsp\u00f3\u0142praca produkcyjna<\/strong><strong>:<\/strong><br \/>\nBo\u017cena Pika, Karolina Szymaniak, Natalia Chmielarz, Katarzyna Batarowska, Barbara Szablisty, Zofia Mioduszewska-Wajszczak, Dominika Ludwig, Aleksander Krawczuk, Piotr Przybylak, Natalia Gruszczy\u0144ska, Maciej Kurpiewski, Ma\u0142gorzata G\u0105siorowska, Hubert Osm\u00f3lski, Mariusz Jarosz, Norbert Pobieg\u0142y, Barbara Michalczyk-Zwoli\u0144ska, Paulina Pietrzak-Hussain, Monika Kowalczyk, Viki Doroszka, Inga \u017bebrowska, Julia Witkowska, Maks Honkisz, Julka Rodzoch, Maria W\u0105sikowska, Marta Kostyra, Magda Brodowicz-Susz, Adam Bali\u0144ski<\/p>\n<p><strong>T\u0142umaczenie notek prasowych:<\/strong><br \/>\nJoanna Warcho\u0142<\/p>\n<p><strong>T\u0142umaczenie strony:<\/strong><br \/>\nnarz\u0119dzia automatyczne<\/p>\n<p><strong>Opracowanie graficzne, uk\u0142ad, makieta, sk\u0142ad katalogu:<\/strong><br \/>\nMicha\u0142 Szperling &#8211; www.futureflies.pl<\/p>\n<p>&nbsp;<\/p>\n","protected":false},"excerpt":{"rendered":"<p>Dyrektor i tw\u00f3rca festiwalu: Go\u0142da Tencer Organizator: FUNDACJA SHALOM Prezes Zarz\u0105du: Dawid Szurmiej Wicedyrektor ds. programowych: Izabela Teodorkiewicz Kierownictwo produkcji: [&hellip;]<\/p>\n","protected":false},"author":1,"featured_media":0,"parent":177,"menu_order":5,"comment_status":"closed","ping_status":"closed","template":"","meta":{"_acf_changed":false,"ngg_post_thumbnail":0,"footnotes":""},"class_list":["post-187","page","type-page","status-publish","hentry"],"acf":[],"_links":{"self":[{"href":"https:\/\/shalom.org.pl\/en\/wp-json\/wp\/v2\/pages\/187","targetHints":{"allow":["GET"]}}],"collection":[{"href":"https:\/\/shalom.org.pl\/en\/wp-json\/wp\/v2\/pages"}],"about":[{"href":"https:\/\/shalom.org.pl\/en\/wp-json\/wp\/v2\/types\/page"}],"author":[{"embeddable":true,"href":"https:\/\/shalom.org.pl\/en\/wp-json\/wp\/v2\/users\/1"}],"replies":[{"embeddable":true,"href":"https:\/\/shalom.org.pl\/en\/wp-json\/wp\/v2\/comments?post=187"}],"version-history":[{"count":36,"href":"https:\/\/shalom.org.pl\/en\/wp-json\/wp\/v2\/pages\/187\/revisions"}],"predecessor-version":[{"id":22406,"href":"https:\/\/shalom.org.pl\/en\/wp-json\/wp\/v2\/pages\/187\/revisions\/22406"}],"up":[{"embeddable":true,"href":"https:\/\/shalom.org.pl\/en\/wp-json\/wp\/v2\/pages\/177"}],"wp:attachment":[{"href":"https:\/\/shalom.org.pl\/en\/wp-json\/wp\/v2\/media?parent=187"}],"curies":[{"name":"wp","href":"https:\/\/api.w.org\/{rel}","templated":true}]}}